{"id":10131,"date":"2015-10-13T08:03:54","date_gmt":"2015-10-13T08:03:54","guid":{"rendered":"http:\/\/localhost\/~kharissulistiyo\/wpwp\/dev\/4.3\/?post_type=product&#038;p=10131"},"modified":"2018-01-09T11:20:48","modified_gmt":"2018-01-09T11:20:48","slug":"vw-polo-1-6-tdi-comfortline-4","status":"publish","type":"product","link":"https:\/\/adarentacar.com.tr\/?product=vw-polo-1-6-tdi-comfortline-4","title":{"rendered":"Ford Tourneo 8 + 1"},"content":{"rendered":"<p class=\"font-semi-big color-grey5 article-spot\">\u201cTicaretin Makam Arac\u0131\u201d slogan\u0131yla yollara \u00e7\u0131kan Tourneo Custom yeni tasar\u0131m\u0131, \u015f\u0131k yap\u0131s\u0131yla dikkat \u00e7ekiyor. 2.2 litre motoruyla birlikte \u00f6nden \u00e7eki\u015fli olarak sunulan Tourneo Custom, 100 Km&#8217;de 6.5 litre ile de yak\u0131t ekonomisinde iddial\u0131 oldu\u011funu g\u00f6steriyor.<\/p>\n<p class=\"font-semi-big color-grey5 article-spot\"><strong>Teknik \u00d6zellik<\/strong><\/p>\n<div class=\"mt16 article-table-and-viceversa\">\n<div class=\"table-container\">\n<table border=\"0\" width=\"489\" cellspacing=\"0\" cellpadding=\"0\">\n<tbody>\n<tr>\n<td height=\"20\">Motor:<\/td>\n<td class=\"xl63\">2.2 Duratorq<\/td>\n<\/tr>\n<tr>\n<td height=\"20\">Motor Hacmi:<\/td>\n<td>2198 cc<\/td>\n<\/tr>\n<tr>\n<td height=\"20\">Silindir Adedi:<\/td>\n<td align=\"right\">4<\/td>\n<\/tr>\n<tr>\n<td height=\"20\">Maksimum G\u00fc\u00e7:<\/td>\n<td>155 Bg 3500 d\/d<\/td>\n<\/tr>\n<tr>\n<td height=\"20\">Maksimum Tork:<\/td>\n<td>385 Nm 1600 d\/d<\/td>\n<\/tr>\n<tr>\n<td height=\"20\">Performans<\/td>\n<\/tr>\n<tr>\n<td>0-100 km\/s H\u0131zlanma<\/td>\n<\/tr>\n<tr>\n<td>Maksimum H\u0131z:<\/td>\n<td>157 km\/s<\/td>\n<\/tr>\n<tr>\n<td height=\"20\">Frenler<\/td>\n<\/tr>\n<tr>\n<td>\u00d6n:<\/td>\n<td>Hava Kanall\u0131 Disk<\/td>\n<\/tr>\n<tr>\n<td>Arka:<\/td>\n<td>Disk<\/td>\n<\/tr>\n<tr>\n<td height=\"20\">Yak\u0131t T\u00fcr\u00fc<\/td>\n<td>Dizel<\/td>\n<\/tr>\n<tr>\n<td height=\"20\">Yak\u0131t T\u00fcketimi<\/td>\n<\/tr>\n<tr>\n<td>\u015eehir \u0130\u00e7i:<\/td>\n<td>7,3 lt<\/td>\n<\/tr>\n<tr>\n<td>\u015eehir D\u0131\u015f\u0131:<\/td>\n<td>6,1 lt<\/td>\n<\/tr>\n<tr>\n<td>Karma:<\/td>\n<td>6,5 lt<\/td>\n<\/tr>\n<tr>\n<td>Test:<\/td>\n<td>7,8 lt<\/td>\n<\/tr>\n<tr>\n<td>CO2 Emisyonu<\/td>\n<td>172 gr\/km<\/td>\n<\/tr>\n<tr>\n<td height=\"20\">Boyutlar<\/td>\n<\/tr>\n<tr>\n<td>Uzunluk:<\/td>\n<td>5339 mm<\/td>\n<\/tr>\n<tr>\n<td>Geni\u015flik:<\/td>\n<td>1986 mm<\/td>\n<\/tr>\n<tr>\n<td>Y\u00fckseklik:<\/td>\n<td>2022 mm<\/td>\n<\/tr>\n<tr>\n<td>Dingil Mesafesi:<\/td>\n<td>3300 mm<\/td>\n<\/tr>\n<tr>\n<td>Bagaj Hacmi:<\/td>\n<td>922 lt<\/td>\n<\/tr>\n<tr>\n<td>Yak\u0131t Depo Kapasitesi:<\/td>\n<td>80 lt<\/td>\n<\/tr>\n<tr>\n<td>Bo\u015f A\u011f\u0131rl\u0131k:<\/td>\n<td>2085 kg<\/td>\n<\/tr>\n<tr>\n<td>Lastik Boyutu:<\/td>\n<td>215\/65 R 16<\/td>\n<\/tr>\n<\/tbody>\n<\/table>\n<\/div>\n<div><\/div>\n<\/div>\n<div class=\"mt16 article-table-and-viceversa\">Tourneo Custom ilk bak\u0131\u015fta geni\u015f \u00f6n \u0131zgara yap\u0131s\u0131 ve b\u00fcy\u00fck marka logosuyla dikkat \u00e7ekiyor. Gerek far tasar\u0131m\u0131 gerekse kaput \u00fczerinde bulunan keskin hatlar araca sald\u0131rgan bir bak\u0131\u015f kazand\u0131rm\u0131\u015f. Asl\u0131nda bu tasar\u0131ma ailedeki B-Max&#8217;den a\u015fina gibiyiz. Donan\u0131m tablosunda g\u00f6vde rengi tamponlar olarak belirtilen bu b\u00f6l\u00fcmde sis farlar\u0131 golf sopas\u0131na benzer siyah mat bir detay ile belirginle\u015ftirilmi\u015f. Bu b\u00f6l\u00fcm\u00fcn \u015f\u0131kl\u0131k \u00e7\u0131tas\u0131 da marka logosunun oldu\u011fu b\u00f6l\u00fcmde nikelaj detaylar ve sadece Titanium Plus paketinde sunulan g\u00f6vde rengi yan aynalar ile y\u00fckseltilmi\u015f. Yan b\u00f6l\u00fcme geldi\u011fimizde \u00f6n k\u0131s\u0131mdaki gibi keskin hatlar etkisini s\u00fcrd\u00fcr\u00fcyor. \u00d6nden arkaya do\u011fru uzanan bu \u00e7izgiler, \u015fi\u015fkin \u00e7amurluklarla kombine edilmi\u015f. Yan b\u00f6l\u00fcmde geni\u015f camlar ile ferah bir kabin hissi olu\u015fturulmak istenmi\u015f. Bu b\u00f6l\u00fcmde dikkat \u00e7eken bir ba\u015fka detay ise 16\u201d b\u00fcy\u00fckl\u00fc\u011f\u00fcnde 5 kollu jant grubu. Arac\u0131n tasar\u0131m\u0131 gibi farkl\u0131l\u0131\u011f\u0131 vurgulanmak istenen jant grubu ilgi \u00e7ekici ancak bu dinamik yap\u0131 i\u00e7in daha iyi bir tasar\u0131m olmas\u0131n\u0131 beklerdik. Arka b\u00f6l\u00fcme geldi\u011fimizde ise \u201cL\u201d \u015feklinde yukar\u0131dan a\u015fa\u011f\u0131 do\u011fru uzanan stop grubu g\u00f6ze \u00e7arp\u0131yor. Bu detay arka b\u00f6l\u00fcme farkl\u0131 bir hava katarken, \u201cU\u201d \u015feklindeki cam ve sadelikle bu hava desteklenmi\u015f. Arac\u0131n boyutlar\u0131na bakt\u0131\u011f\u0131m\u0131zda ise Tourneo Custom 5339 mm uzunlu\u011fa, 1986 geni\u015fli\u011fe, 2022 y\u00fcksekli\u011fe ve 3300 mm dingil mesafesine sahip. Bu de\u011ferler ile en b\u00fcy\u00fck rakibi olan Volkswagen Caravelle&#8217;den 47 mm daha uzun, 64 mm daha geni\u015f, 32 mm daha y\u00fcksek ve 100 mm daha k\u0131sa dingil mesafesine sahip.<\/div>\n<h2 class=\"vertical-half-offset-plus big-title bold vertically-centered-biggest color-red4 cf\"><span class=\"fl dib\">\u0130\u00e7 Mekan<\/span><\/h2>\n<div class=\"mt16 article-table-and-viceversa\">Otomobilin i\u00e7erisine ge\u00e7ti\u011fimizde ise di\u011fer yeni Ford modellerinden a\u015fina oldu\u011fumuz bir kokpit bizleri kar\u015f\u0131l\u0131yor. Deri direksiyon nikelaj ve gri kaplamalar malzeme kalitesi anlam\u0131nda bu b\u00f6l\u00fcm\u00fcn sorunsuz oldu\u011funun g\u00f6stergesi. Ford size k\u00fc\u00e7\u00fck e\u015fya g\u00f6z\u00fc konusunda s\u0131n\u0131rs\u0131z alan sunmay\u0131 ba\u015farm\u0131\u015f. Kap\u0131 kenarlar\u0131nda s\u00fcr\u00fcc\u00fcn\u00fcn g\u00f6sterge panelinin \u00fczerinde ve vitesin hemen \u00f6n\u00fcnde irili ufakl\u0131 bir\u00e7ok g\u00f6z sunmu\u015f. Hatta bununla da kalmay\u0131p s\u00fcr\u00fcc\u00fc ve yolcunun yan camlar\u0131na yak\u0131n bardakl\u0131k g\u00f6zlerine bile yer verilmi\u015f. Direksiyon \u00fczerinden yol bilgisayar\u0131, m\u00fczik sistemi ve Bluetooth ba\u011flant\u0131l\u0131 telefonunuzun baz\u0131 \u00f6zelliklerini kontrol edebiliyorsunuz. Direksiyon kollar\u0131 \u00fczerine monte edilmi\u015f tu\u015flar g\u00f6revini ba\u015far\u0131l\u0131 bir \u015fekilde yerine getiriyor ancak i\u00e7eri yerle\u015ftirilmi\u015f tu\u015flar\u0131n tam manas\u0131yla kullan\u0131labilmesi al\u0131\u015fkanl\u0131k gerektiriyor. Orta konsola g\u00f6z at\u0131yoruz m\u00fczik sistemi ve klima havaland\u0131rma delikleri g\u00f6r\u00fcn\u00fcyor. Ama durun bir dakika, klima kontrol kumandalar\u0131 nerede? Bu kontrol tu\u015flar\u0131 \u00f6n konsolun biraz daha alt\u0131nda konumland\u0131r\u0131lm\u0131\u015f. Bu tu\u015flar\u0131n yer konumlamas\u0131 tart\u0131\u015f\u0131l\u0131r ancak kullan\u0131\u015fl\u0131l\u0131k a\u00e7\u0131s\u0131ndan s\u00fcr\u00fcc\u00fcn\u00fcn g\u00f6z\u00fcn\u00fc yoldan ay\u0131rmas\u0131 gerekebilir. K\u00fc\u00e7\u00fck ancak g\u00fcvenlik i\u00e7in \u00f6nemli bir detay. Arka b\u00f6l\u00fcm\u00fcn klima kumandalar\u0131 ise \u00f6n b\u00f6l\u00fcmden ayr\u0131 tutularak \u00f6n koltuklar\u0131n hemen gerisindeki tavan b\u00f6l\u00fcm\u00fcne yerle\u015ftirilmi\u015f. Ancak \u00f6n klima kumandalar\u0131 gibi buradaki tu\u015flar\u0131nda g\u00fcncel tasar\u0131mlar\u0131 yakalamas\u0131 \u015fart. S\u00fcr\u00fcc\u00fc ve yolculara yeteri kadar ferah bir alan sunulmu\u015f. Diz ve ba\u015f mesafesi konusunda ne \u00f6nde ne de arkada hi\u00e7bir sorun yer alm\u0131yor. Y\u00fckleme kapasitesine bakt\u0131\u011f\u0131m\u0131zda Tourneo Custom 3000 Kg&#8217;a kadar size azami a\u011f\u0131rl\u0131k de\u011feri sunuyor. \u0130stihap haddi ise 935 kg ile s\u0131n\u0131rland\u0131r\u0131lm\u0131\u015f. Rakibi Caravel ile kar\u015f\u0131la\u015ft\u0131rd\u0131\u011f\u0131m\u0131zda azami a\u011f\u0131rl\u0131k konusunda e\u015fit de\u011ferler sunuyor. Bagaj hacmi konusunda \u00f6zellikle arka koltuklar 30 farkl\u0131 kombinasyonla size yeterli alan sunuyor. 8+1 oturma d\u00fczeninde 922 litre alan sunarken gerekti\u011finde bu alan 6336 litreye \u00e7\u0131kabiliyor.<\/div>\n<h2 class=\"vertical-half-offset-plus big-title bold vertically-centered-biggest color-red4 cf\"><span class=\"fl dib\">Motor<\/span><\/h2>\n<div class=\"mt16 article-table-and-viceversa\">Tourneo Custom g\u00fcc\u00fcn\u00fc 2.2 litre Duratorq dizel motordan al\u0131yor. Bu motor 3500 d\/d&#8217;da 155 PS g\u00fc\u00e7 ve 1600 d\/d&#8217;da 385 Nm tork de\u011feri elde ediyor. 6 ileri manuel \u015fanz\u0131man ile kombine edilmi\u015f bu \u00fcnite 157 Km\/s&#8217;lik maksimum h\u0131z de\u011feri sa\u011flarken fabrika verilerine g\u00f6re 6.5 litre karma yak\u0131t t\u00fcketime sahip. Bu de\u011ferler 2085 kg a\u011f\u0131rl\u0131\u011f\u0131ndaki Tourneo Custom&#8217;a yeterli performans\u0131 sa\u011fl\u0131yor. Ticari ara\u00e7 oldu\u011fu d\u00fc\u015f\u00fcn\u00fcld\u00fc\u011f\u00fcnde bu verilerin yeterli oldu\u011funu s\u00f6ylemek m\u00fcmk\u00fcn.<\/div>\n<h2 class=\"vertical-half-offset-plus big-title bold vertically-centered-biggest color-red4 cf\"><span class=\"fl dib\">G\u00fcvenlik<\/span><\/h2>\n<div class=\"mt16 article-table-and-viceversa\">Ticari oyuncular aras\u0131nda EuroNcap testine Ford Transit Custom ile kat\u0131ld\u0131. \u00c7arp\u0131\u015fma testlerinde kabini sa\u011flam kalan Ford Transit Custom, s\u00fcr\u00fcc\u00fcye g\u00f6\u011f\u00fcs bald\u0131r ve sol kaval kemi\u011fi d\u0131\u015f\u0131nda maksimum koruma sa\u011flarken yolcuya ise g\u00f6\u011f\u00fcs ve iki bald\u0131r\u0131 d\u0131\u015f\u0131nda maksimum koruma sa\u011flam\u0131\u015ft\u0131r.Yandan ara\u00e7 \u00e7arp\u0131\u015fmalar\u0131nda t\u00fcm uzuvlara g\u00f6sterdi\u011fi maksimum koruma ile sa\u011flaml\u0131\u011f\u0131n\u0131 ispatlarken, sabit bariyer \u00e7arp\u0131\u015fmalar\u0131nda g\u00f6\u011f\u00fcs kafesi ve bel b\u00f6lgesi d\u0131\u015f\u0131nda t\u00fcm uzuvlara maksimum koruma sa\u011flanm\u0131\u015f. Ford Transit Custom arkadan \u00e7arpmalarda ise s\u0131n\u0131rl\u0131 derecede koruma sa\u011flam\u0131\u015ft\u0131r. Yaya \u00e7arp\u0131\u015fmalar\u0131nda ise baz\u0131 noktalarda s\u0131n\u0131rl\u0131 derecede koruma sa\u011flasa bile EuroNcap testlerinden be\u015f y\u0131ld\u0131z almay\u0131 ba\u015fard\u0131.<\/div>\n<h2 class=\"vertical-half-offset-plus big-title bold vertically-centered-biggest color-red4 cf\"><span class=\"fl dib\">Konfor &amp; Yol Tutu\u015f<\/span><\/h2>\n<div class=\"mt16 article-table-and-viceversa\">Tourneo Custom Ford markas\u0131n\u0131n o ticari alg\u0131s\u0131n\u0131 bozar nitelikte bir konforu size sunuyor. Yap\u0131lan ba\u015far\u0131l\u0131 yal\u0131t\u0131m sayesinde kabin i\u00e7erisine motor ve yol sesi minimum d\u00fczeyde yans\u0131t\u0131yor. S\u00fcspansiyon sistemi \u00f6zellikle arka koltuktaki bireyler i\u00e7in konfor \u00e7\u0131tas\u0131n\u0131 y\u00fcksek tutuyor. Ticari bir ara\u00e7tan yol tutu\u015fu konusunda fazla bir \u015fey beklenmez ama Tourneo Custom, Dinamik Tork Kontrol Sistemi ve standart ESP ile ba\u015far\u0131l\u0131 bir grafik<\/div>\n","protected":false},"excerpt":{"rendered":"<p>\u201cTicaretin Makam Arac\u0131\u201d slogan\u0131yla yollara \u00e7\u0131kan Tourneo Custom yeni tasar\u0131m\u0131, \u015f\u0131k yap\u0131s\u0131yla dikkat \u00e7ekiyor. 2.2 litre motoruyla birlikte \u00f6nden \u00e7eki\u015fli olarak sunulan Tourneo Custom, 100 Km&#8217;de 6.5 litre ile de &#8230;<\/p>\n","protected":false},"featured_media":10963,"comment_status":"open","ping_status":"closed","template":"","meta":[],"class_list":{"0":"post-10131","1":"product","2":"type-product","3":"status-publish","4":"has-post-thumbnail","6":"product_cat-economic-cars","7":"product_cat-best-offers","8":"product_cat-subcompact","9":"product_cat-popular-cars","10":"product_tag-ford","11":"product_group-luxury-cars","12":"product_group-business-cars","13":"product_group-premium-cars","15":"first","16":"instock","17":"shipping-taxable","18":"purchasable","19":"product-type-simple"},"_links":{"self":[{"href":"https:\/\/adarentacar.com.tr\/index.php?rest_route=\/wp\/v2\/product\/10131"}],"collection":[{"href":"https:\/\/adarentacar.com.tr\/index.php?rest_route=\/wp\/v2\/product"}],"about":[{"href":"https:\/\/adarentacar.com.tr\/index.php?rest_route=\/wp\/v2\/types\/product"}],"replies":[{"embeddable":true,"href":"https:\/\/adarentacar.com.tr\/index.php?rest_route=%2Fwp%2Fv2%2Fcomments&post=10131"}],"wp:featuredmedia":[{"embeddable":true,"href":"https:\/\/adarentacar.com.tr\/index.php?rest_route=\/wp\/v2\/media\/10963"}],"wp:attachment":[{"href":"https:\/\/adarentacar.com.tr\/index.php?rest_route=%2Fwp%2Fv2%2Fmedia&parent=10131"}],"curies":[{"name":"wp","href":"https:\/\/api.w.org\/{rel}","templated":true}]}}