{"id":10129,"date":"2015-10-13T08:03:49","date_gmt":"2015-10-13T08:03:49","guid":{"rendered":"http:\/\/localhost\/~kharissulistiyo\/wpwp\/dev\/4.3\/?post_type=product&#038;p=10129"},"modified":"2018-01-09T11:22:35","modified_gmt":"2018-01-09T11:22:35","slug":"honda-civic-elegance-4","status":"publish","type":"product","link":"https:\/\/adarentacar.com.tr\/?product=honda-civic-elegance-4","title":{"rendered":"Fiat Linea"},"content":{"rendered":"<p class=\"font-semi-big color-grey5 article-spot\"><span style=\"color: #ff0000;\"><strong>AYLIK K\u0130RALAMALARDA : 70 TL \/ G\u00dcN<\/strong><\/span><\/p>\n<p class=\"font-semi-big color-grey5 article-spot\">Fiat&#8217;\u0131n en \u00e7ok satan modeli Linea makyajlanarak daha olgun bir hale geldi. Makyajl\u0131 Linea&#8217;n\u0131n \u00e7\u0131kmas\u0131yla beraber eski Linea da \u201cLinea Classic\u201d ad\u0131yla sat\u0131lmaya devam edecek. Teknik anlamda de\u011fi\u015fikliklerin neredeyse hi\u00e7 olmad\u0131\u011f\u0131 model, uygun fiyat\u0131 ile T\u00fcrk t\u00fcketicisinin ihtiya\u00e7lar\u0131na cevap vermeye devam edecek gibi g\u00f6r\u00fcn\u00fcyor. Model, 1.3 ve 1.6 litre hacminde iki dizel motorla ve 1.4 litrelik bir benzinli motorla sat\u0131l\u0131yor.<\/p>\n<div class=\"mb16\">\n<h2 class=\"vertical-half-offset-plus big-title bold vertically-centered-biggest color-red4 cf\"><span class=\"fl dib\">Tasar\u0131m<\/span><\/h2>\n<div class=\"mt16 article-table-and-viceversa\">Daha taze bir g\u00f6r\u00fcn\u00fcme kavu\u015fan Linea&#8217;n\u0131n d\u0131\u015f tasar\u0131m\u0131nda radikal de\u011fi\u015fiklikler bulunmuyor. Krom kapl\u0131 yeni \u00f6n \u0131zgaras\u0131 ve yeni tampon tasar\u0131m\u0131yla eskisinden daha iyi g\u00f6r\u00fcnen modelin arka k\u0131sm\u0131nda da krom kaplamalarla de\u011fi\u015fik bir hava yarat\u0131lmaya \u00e7al\u0131\u015f\u0131lm\u0131\u015f. Arka k\u0131s\u0131mda en b\u00fcy\u00fck farkl\u0131l\u0131k plakal\u0131\u011f\u0131n bagaj kapa\u011f\u0131na ta\u015f\u0131nmas\u0131 olmu\u015f. Bunun d\u0131\u015f\u0131ndaki t\u00fcm de\u011fi\u015fiklikler \u00e7ok dikkatli g\u00f6zlerin fark edebilecekleriyle s\u0131n\u0131rl\u0131. 4596 mm uzunlu\u011fa sahip Fiat Linea, bu uzunlu\u011funun avantaj\u0131n\u0131 bagaj hacmi konusunda ya\u015f\u0131yor. 500 litrelik bagaj hacmi T\u00fcrk t\u00fcketicisinin en be\u011fendi\u011fi k\u0131s\u0131mlardan.<\/div>\n<h2 class=\"vertical-half-offset-plus big-title bold vertically-centered-biggest color-red4 cf\"><span class=\"fl dib\">\u0130\u00e7 Mekan<\/span><\/h2>\n<div class=\"mt16 article-table-and-viceversa\">Makyaj\u0131n as\u0131l etkisini tamamen yenilenen \u00f6n konsolda g\u00f6r\u00fcyoruz. Punto Evo&#8217;ya benzer bir i\u00e7 tasar\u0131ma kavu\u015fan model eskisinden \u00e7ok daha iyi g\u00f6r\u00fcn\u00fcyor. D\u00f6\u015feme rengi ile uyumlu \u00f6n konsol art\u0131k daha kaliteli hissettiriyor fakat yine sert y\u00fczeylerin hakimiyeti devam ediyor. Derine konumland\u0131r\u0131lm\u0131\u015f yeni g\u00f6sterge paneli eskisinden \u00e7ok daha sportif duruyor. G\u00f6sterge tablosunun ortas\u0131ndaki yol bilgisayar\u0131 silecek kolundaki tu\u015f ile kontrol ediliyor ve kullan\u0131m\u0131 kolay. Ara\u00e7taki m\u00fczik ve klima sistemi kullan\u0131c\u0131 dostu bir yap\u0131da. Ses sisteminin kalitesi ise tatmin edici olmaktan uzak. Yeni Linea&#8217;da koltuk ve kap\u0131 panellerindeki kuma\u015f y\u00fczeylerde kimyasal bir metodla olu\u015fturulan koruyucu tabaka sayesinde kuma\u015f\u0131n kirlenmeden daha uzun s\u00fcre yeni g\u00f6r\u00fcnt\u00fcs\u00fcn\u00fc koruyaca\u011f\u0131 iddia ediliyor. E\u011fer do\u011fruysa bu \u00e7ok yerinde bir ad\u0131m olmu\u015f, \u00e7\u00fcnk\u00fc selefinde koltuklar \u00e7ok \u00e7abuk leke tutuyor ve eskiyordu. \u0130\u00e7 mekan\u0131nda yeteri kadar e\u015fya g\u00f6z\u00fc bar\u0131nd\u0131ran yeni Linea&#8217;n\u0131n t\u00fcm versiyonlar\u0131nda d\u00f6rt cam elektrikli olarak sunuluyor. Modelin g\u00f6r\u00fc\u015f a\u00e7\u0131lar\u0131nda ciddi bir s\u0131k\u0131nt\u0131 yok ve standart sunulan arka park sens\u00f6r\u00fc sayesinde park manevralar\u0131nda olu\u015fabilecek ufak hasarlar\u0131n \u00f6n\u00fcne ge\u00e7ilmeye \u00e7al\u0131\u015f\u0131lm\u0131\u015f.<\/div>\n<h2 class=\"vertical-half-offset-plus big-title bold vertically-centered-biggest color-red4 cf\"><span class=\"fl dib\">Motor<\/span><\/h2>\n<div class=\"mt16 article-table-and-viceversa\">Test arac\u0131m\u0131z Linea&#8217;n\u0131n en \u00e7ok ra\u011fbet g\u00f6ren versiyonu 1.3 litrelik Multijet motora sahipti. Fiat&#8217;\u0131n geli\u015ftirdi\u011fi \u00fcnite y\u0131llard\u0131r yollarda ve sa\u011flaml\u0131\u011f\u0131n\u0131 en iyi kan\u0131tlam\u0131\u015f motorlardan birisi. Multijet motor gam\u0131n\u0131n ikinci neslinden olan 1.3 litrelik \u00fcnite 4000 d\/d&#8217;de 95 hp g\u00fc\u00e7 \u00fcretiyor ve 200 Nm&#8217;lik torkunu 1750 d\/d&#8217;den itibaren sunuyor. 1.3 litrelik dizel motor 5 kademeli manuel \u015fanz\u0131manla kombine edilmi\u015f. Alt devirleri cans\u0131z olan Multijet motor ekonomik yap\u0131s\u0131 ile bu eksikli\u011fini g\u00f6rmezden gelmenizi sa\u011flayabilir. \u015eehir d\u0131\u015f\u0131nda t\u00fcketim de\u011ferlerini 4 lt\/100 km civar\u0131nda tutabildik ama testimizin sonucunda t\u00fcketim de\u011feri 6 lt\/100 km olarak belirlendi.13.8 saniyede 100 km\/s h\u0131za ula\u015fabilen Linea&#8217;n\u0131n maksimum h\u0131z\u0131 170 km\/s. H\u0131zlanma konusunda biraz hantal kalan Linea, torkunun etkisiyle ara h\u0131zlanmalarda yeterli \u00e7evikli\u011fi sunuyor. Zaten bu s\u0131n\u0131f m\u00fc\u015fterisinin de ilk \u00f6nceli\u011fi performans de\u011fil.<\/div>\n<h2 class=\"vertical-half-offset-plus big-title bold vertically-centered-biggest color-red4 cf\"><span class=\"fl dib\">G\u00fcvenlik<\/span><\/h2>\n<div class=\"mt16 article-table-and-viceversa\">Fiat Linea&#8217;n\u0131n EuroNcap \u00e7arp\u0131\u015fma testine bir kat\u0131l\u0131m\u0131 bulunmuyor.<\/div>\n<h2 class=\"vertical-half-offset-plus big-title bold vertically-centered-biggest color-red4 cf\"><span class=\"fl dib\">Konfor &amp; Yol Tutu\u015f<\/span><\/h2>\n<div class=\"mt16 article-table-and-viceversa\">Linea konfor ve yol tutu\u015f disiplinlerinde bekleneni verebilen bir otomobil. Arac\u0131n koltuklar\u0131 yeteri kadar rahat fakat yan destekleri biraz daha iyi olabilirdi. Arka koltuklarda sunulan diz mesafesi segmentine g\u00f6re yeterli. Linea uzunlu\u011funa oranla dar bir otomobil. Arac\u0131n geni\u015fli\u011fi Punto ile ayn\u0131 ve bu sebeple boyutuna g\u00f6re i\u00e7 mekan\u0131nda s\u0131k\u0131\u015f\u0131kl\u0131k hissediliyor. Neyse ki dingil aral\u0131\u011f\u0131n\u0131n daha uzun olmas\u0131 sayesinde diz mesafesi konusunda s\u0131k\u0131nt\u0131 ya\u015fanm\u0131yor ve bagaj hacmi devasa.Orta-yumu\u015fak sertlikteki s\u00fcspansiyon yap\u0131s\u0131 ile donat\u0131lm\u0131\u015f Linea, limitlerini s\u00fcr\u00fcc\u00fcs\u00fcne hemen hissettiren bir otomobil. Direksiyonun hissiz yap\u0131s\u0131 s\u00fcr\u00fcc\u00fcye ilk sinyali veriyor ve sakin bir s\u00fcr\u00fc\u015f yapman\u0131z gerekti\u011fini hemen anl\u0131yorsunuz. Y\u00fcksek s\u00fcratlerde bile d\u00fcz gidi\u015f konusunda s\u0131k\u0131nt\u0131 ya\u015famayan Linea, h\u0131zl\u0131 girilen virajlarda \u00f6nden kaymaya ba\u015fl\u0131yor ve ESP sadece en \u00fcst donan\u0131m se\u00e7ene\u011finde standart sunuluyor.<\/div>\n<\/div>\n","protected":false},"excerpt":{"rendered":"<p>AYLIK K\u0130RALAMALARDA : 70 TL \/ G\u00dcN Fiat&#8217;\u0131n en \u00e7ok satan modeli Linea makyajlanarak daha olgun bir hale geldi. Makyajl\u0131 Linea&#8217;n\u0131n \u00e7\u0131kmas\u0131yla beraber eski Linea da \u201cLinea Classic\u201d ad\u0131yla sat\u0131lmaya devam edecek. &#8230;<\/p>\n","protected":false},"featured_media":10982,"comment_status":"open","ping_status":"closed","template":"","meta":[],"class_list":{"0":"post-10129","1":"product","2":"type-product","3":"status-publish","4":"has-post-thumbnail","6":"product_cat-economic-cars","7":"product_cat-best-offers","8":"product_cat-popular-cars","9":"product_tag-fiat","10":"product_group-economic-cars","11":"product_group-business-cars","12":"product_group-premium-cars","14":"first","15":"instock","16":"shipping-taxable","17":"purchasable","18":"product-type-simple"},"_links":{"self":[{"href":"https:\/\/adarentacar.com.tr\/index.php?rest_route=\/wp\/v2\/product\/10129"}],"collection":[{"href":"https:\/\/adarentacar.com.tr\/index.php?rest_route=\/wp\/v2\/product"}],"about":[{"href":"https:\/\/adarentacar.com.tr\/index.php?rest_route=\/wp\/v2\/types\/product"}],"replies":[{"embeddable":true,"href":"https:\/\/adarentacar.com.tr\/index.php?rest_route=%2Fwp%2Fv2%2Fcomments&post=10129"}],"wp:featuredmedia":[{"embeddable":true,"href":"https:\/\/adarentacar.com.tr\/index.php?rest_route=\/wp\/v2\/media\/10982"}],"wp:attachment":[{"href":"https:\/\/adarentacar.com.tr\/index.php?rest_route=%2Fwp%2Fv2%2Fmedia&parent=10129"}],"curies":[{"name":"wp","href":"https:\/\/api.w.org\/{rel}","templated":true}]}}