{"id":10126,"date":"2015-10-13T08:01:59","date_gmt":"2015-10-13T08:01:59","guid":{"rendered":"http:\/\/localhost\/~kharissulistiyo\/wpwp\/dev\/4.3\/?post_type=product&#038;p=10126"},"modified":"2018-01-09T12:07:20","modified_gmt":"2018-01-09T12:07:20","slug":"vw-polo-1-6-tdi-comfortline-3","status":"publish","type":"product","link":"https:\/\/adarentacar.com.tr\/?product=vw-polo-1-6-tdi-comfortline-3","title":{"rendered":"VW Golf 1.6 TDI Comfortline"},"content":{"rendered":"<p><strong>Kendi s\u0131n\u0131f\u0131na ad\u0131n\u0131 veren otomobil, ilham vermek i\u00e7in yenilendi<\/strong><br \/>\n1974 y\u0131l\u0131nda ilk kez yollara \u00e7\u0131kt\u0131\u011f\u0131nda, otomotiv end\u00fcstrisini geriye d\u00f6n\u00fclmez bir \u015fekilde de\u011fi\u015ftiren ve \u201ccompact-hatchback\u201d ya da t\u00fcm d\u00fcnyada bilindi\u011fi \u015fekliyle \u201cGolf\u201d segmentini yaratan otomobil, tasar\u0131m\u0131ndaki modern ve ak\u0131lc\u0131 dokunu\u015flarla yollara \u00e7\u0131k\u0131yor. Geceyi g\u00fcnd\u00fcze \u00e7eviren, y\u00fcksek verimlili\u011fe sahip LED farlar\u0131, LED stop lambalar\u0131 ve dinamik arka sinyalleri ile adeta bir \u0131\u015f\u0131k \u015f\u00f6leni sunan Yeni Golf, aerodinamik \u00f6n ve arka tampon tasar\u0131m\u0131 ve yere daha sa\u011flam basmas\u0131n\u0131 sa\u011flayan 18\u201d \u00e7ap\u0131na kadar yepyeni al\u00fcminyum ala\u015f\u0131ml\u0131 jant se\u00e7enekleriyle ile de dikkatleri \u00fczerine \u00e7ekiyor. \u00dcstelik, yepyeni dekoratif kaplamalar ve koltuk d\u00f6\u015femeleri ile t\u00fcm bu \u015f\u0131kl\u0131k, i\u00e7eride de devam ediyor.<\/p>\n<p>\u00dcst s\u0131n\u0131f teknolojiler, eri\u015filebilir k\u0131l\u0131nd\u0131<br \/>\nBug\u00fcne kadar sadece \u00fcst s\u0131n\u0131f otomobillerde g\u00f6rmeye al\u0131\u015f\u0131k oldu\u011funuz pek \u00e7ok yenilik\u00e7i kumanda arabirimi, Yeni Golf\u2019te hizmetinizde. Highline donan\u0131m seviyesinde standart olarak sunulan Dijital g\u00f6sterge Paneli \u201cActive Info Display\u201d, sadece temel s\u00fcr\u00fc\u015f bilgilerini \u015f\u0131k bir \u015fekilde g\u00f6zler \u00f6n\u00fcne sermiyor, ayn\u0131 zamanda bilgi-e\u011flence sistemi ekran\u0131nda g\u00f6r\u00fcnt\u00fclenen telefon rehberi, alb\u00fcm kapa\u011f\u0131, radyo istasyonu gibi bilgileri de kolayca takip etmenizi sa\u011fl\u0131yor. Ayr\u0131ca Discover Pro bilgi-e\u011flence sistemiyle sunulan Harekete Duyarl\u0131 Kontrol Sistemi \u201cGesture Control\u201d sayesinde, 9,2 in\u00e7 b\u00fcy\u00fckl\u00fc\u011f\u00fcndeki ekranda bulunan men\u00fcler aras\u0131nda ge\u00e7i\u015f, ekrana dokunmadan sadece elin sa\u011fa veya sola hareketi ile sa\u011flanabiliyor.<\/p>\n<p>Verimli ve g\u00fc\u00e7l\u00fc, yepyeni motor se\u00e7enekleri<br \/>\nBenzinli ve dizel motor teknolojisinde k\u00fc\u00e7\u00fclme \u201cdownsizing\u201d ak\u0131m\u0131n\u0131n yarat\u0131c\u0131s\u0131 Volkswagen, Yeni Golf i\u00e7in bu ak\u0131m\u0131n en ileri temsilcilerini haz\u0131rlad\u0131. 110 PS\u2019lik maksimum g\u00fcc\u00fcn\u00fc korurken 1,0 litreye k\u00fc\u00e7\u00fclen baz motor, hafiflemenin yan\u0131 s\u0131ra s\u00fcrt\u00fcnme kay\u0131plar\u0131n\u0131 minimuma indirgeyerek verimlili\u011fi art\u0131r\u0131yor. 6. jenerasyondan beri Golf\u2019\u00fcn en \u00e7ok tercih edilen benzinli motoru olan 1,4 TSI\u00ae, 125 PS\u2019lik maksimum g\u00fcc\u00fc ve d\u00fc\u015f\u00fck yak\u0131t t\u00fcketim de\u011ferleriyle s\u0131n\u0131f\u0131n\u0131n referans noktas\u0131n\u0131 olu\u015fturmaya devam ediyor. Daha y\u00fcksek g\u00fc\u00e7 beklentilerini, ayn\u0131 blo\u011fun 150 PS\u2019lik versiyonu kar\u015f\u0131larken, 90 PS ve 115 PS olmak \u00fczere iki g\u00fc\u00e7 seviyesinde haz\u0131rlanan TDI\u00ae dizel motorlar, ultra d\u00fc\u015f\u00fck t\u00fcketim ve y\u00fcksek ivmelenme de\u011ferleri vadediyor.<\/p>\n","protected":false},"excerpt":{"rendered":"<p>Kendi s\u0131n\u0131f\u0131na ad\u0131n\u0131 veren otomobil, ilham vermek i\u00e7in yenilendi 1974 y\u0131l\u0131nda ilk kez yollara \u00e7\u0131kt\u0131\u011f\u0131nda, otomotiv end\u00fcstrisini geriye d\u00f6n\u00fclmez bir \u015fekilde de\u011fi\u015ftiren ve \u201ccompact-hatchback\u201d ya da t\u00fcm d\u00fcnyada bilindi\u011fi &#8230;<\/p>\n","protected":false},"featured_media":10590,"comment_status":"open","ping_status":"closed","template":"","meta":[],"class_list":{"0":"post-10126","1":"product","2":"type-product","3":"status-publish","4":"has-post-thumbnail","6":"product_cat-best-offers","7":"product_cat-popular-cars","8":"product_tag-vw","9":"product_group-luxury-cars","10":"product_group-business-cars","11":"product_group-premium-cars","13":"first","14":"instock","15":"shipping-taxable","16":"purchasable","17":"product-type-simple"},"_links":{"self":[{"href":"https:\/\/adarentacar.com.tr\/index.php?rest_route=\/wp\/v2\/product\/10126"}],"collection":[{"href":"https:\/\/adarentacar.com.tr\/index.php?rest_route=\/wp\/v2\/product"}],"about":[{"href":"https:\/\/adarentacar.com.tr\/index.php?rest_route=\/wp\/v2\/types\/product"}],"replies":[{"embeddable":true,"href":"https:\/\/adarentacar.com.tr\/index.php?rest_route=%2Fwp%2Fv2%2Fcomments&post=10126"}],"wp:featuredmedia":[{"embeddable":true,"href":"https:\/\/adarentacar.com.tr\/index.php?rest_route=\/wp\/v2\/media\/10590"}],"wp:attachment":[{"href":"https:\/\/adarentacar.com.tr\/index.php?rest_route=%2Fwp%2Fv2%2Fmedia&parent=10126"}],"curies":[{"name":"wp","href":"https:\/\/api.w.org\/{rel}","templated":true}]}}