{"id":10125,"date":"2015-10-13T08:01:57","date_gmt":"2015-10-13T08:01:57","guid":{"rendered":"http:\/\/localhost\/~kharissulistiyo\/wpwp\/dev\/4.3\/?post_type=product&#038;p=10125"},"modified":"2018-01-09T11:41:21","modified_gmt":"2018-01-09T11:41:21","slug":"toyota-corolla-1-6-elegant-4","status":"publish","type":"product","link":"https:\/\/adarentacar.com.tr\/?product=toyota-corolla-1-6-elegant-4","title":{"rendered":"Opel Corsa"},"content":{"rendered":"<p class=\"font-semi-big color-grey5 article-spot\">29 y\u0131ld\u0131r yollarda olan Opel Corsa, 2006 y\u0131l\u0131nda d\u00f6rd\u00fcnc\u00fc jenerasyonuna kavu\u015ftu. Ge\u00e7ti\u011fimiz g\u00fcnlerde ufak bir makyaj operasyonu ge\u00e7iren Corsa, daha dinamik bir \u00f6n g\u00f6r\u00fcn\u00fcme kavu\u015ftu. Start&amp;Stop sistemine kavu\u015fan Corsa&#8217;n\u0131n en etkileyici \u00f6zelli\u011fi ise 3.6 lt\/100 km&#8217;lik ortalama t\u00fcketim de\u011feri.<\/p>\n<div class=\"mb16\">\n<h2 class=\"vertical-half-offset-plus big-title bold vertically-centered-biggest color-red4 cf\"><span class=\"fl dib\">Tasar\u0131m<\/span><\/h2>\n<div class=\"mt16 article-table-and-viceversa\">\n<p>Opel Corsa makyaj operasyonundan sonra yepyeni bir y\u00fcze kavu\u015ftu. Arac\u0131n \u00f6n \u0131zgara tasar\u0131m\u0131 kal\u0131nla\u015ft\u0131r\u0131lm\u0131\u015f, farlar\u0131 yeniden \u015fekillendirilerek markan\u0131n g\u00fcncel tasar\u0131m dilini kullanmaya ba\u015flam\u0131\u015f ve sis far\u0131 tasar\u0131m\u0131 yataydan dikey hale getirilmi\u015f. Bu sayede daha \u00e7ekici bir g\u00f6r\u00fcn\u00fcme kavu\u015fan Corsa, sportiflik anlam\u0131nda da daha iyi bir seviyeye gelmi\u015f. Makyaj operasyonunun yan ve arka tasar\u0131mdaki izlerini g\u00f6rmek ise \u00e7ok zor. Ufak detaylar\u0131 sadece dikkatli g\u00f6zler fark edebilir. Fiat Grande Punto ile y\u00fczde 30 ayn\u0131 par\u00e7alar\u0131 payla\u015fan Opel Corsa&#8217;n\u0131n kal\u0131n \u00f6n cam s\u00fctunu t\u0131pk\u0131 Punto&#8217;da oldu\u011fu gibi g\u00f6r\u00fc\u015f problemi ya\u015fanmas\u0131na neden oluyor. D\u00f6rt metreye ula\u015fan yap\u0131s\u0131yla Corsa, Peugeot 207&#8217;den 31 mm k\u0131sayken, Renault Clio&#8217;dan 21 mm daha uzun. Corsa&#8217;n\u0131n 285 litrelik bagaj hacmi s\u0131n\u0131f\u0131n\u0131n iyileri aras\u0131nda yer al\u0131yor ve iki katl\u0131 bagaj yap\u0131s\u0131 kullan\u0131m kolayl\u0131\u011f\u0131 sunuyor.<\/p>\n<\/div>\n<h2 class=\"vertical-half-offset-plus big-title bold vertically-centered-biggest color-red4 cf\"><span class=\"fl dib\">\u0130\u00e7 Mekan<\/span><\/h2>\n<div class=\"mt16 article-table-and-viceversa\">\n<p>Opel Corsa \u2018n\u0131n i\u00e7 mekan\u0131nda a\u011f\u0131rl\u0131kl\u0131 olarak yuvarlak tasar\u0131mlar tercih edilmi\u015f. Yumu\u015fak \u00e7izgilerle \u015fekillendirilmi\u015f orta konsolun \u00fcst k\u0131sm\u0131nda ses sisteminin dijital ekran\u0131 yer al\u0131yor. Sert plastik malzemelerin kullan\u0131ld\u0131\u011f\u0131 konsol ve kap\u0131lar kalite a\u00e7\u0131s\u0131ndan s\u0131n\u0131f\u0131ndan bekleneni veriyor. Start&amp;Stop teknolojisiyle donat\u0131lm\u0131\u015f Corsa&#8217;lar\u0131n orta konsolundaki ECO d\u00fc\u011fmesiyle bu \u00f6zellik devreye al\u0131n\u0131p \u00e7\u0131kar\u0131labiliyor. \u00dc\u00e7 kollu direksiyon simidinin ergonomisi ba\u015far\u0131l\u0131 ve \u00fczerindeki kumandalar\u0131n kullan\u0131m\u0131 kolay. Ara\u00e7 i\u00e7erisindeki saklama g\u00f6zleri yeterli say\u0131da. Enjoy donan\u0131m seviyesi test arac\u0131m\u0131zda arka camlar\u0131n elektrikli olmad\u0131\u011f\u0131n\u0131 belirtelim. Opel Corsa&#8217;n\u0131n arka koltuklar\u0131nda sundu\u011fu diz mesafesine iyi denemez ancak rakipleriyle benzer seviyede.<\/p>\n<\/div>\n<h2 class=\"vertical-half-offset-plus big-title bold vertically-centered-biggest color-red4 cf\"><span class=\"fl dib\">Motor<\/span><\/h2>\n<div class=\"mt16 article-table-and-viceversa\">\n<p>Fiat-GM i\u015fbirli\u011fiyle geli\u015ftirilmi\u015f 1.3 litrelik motorun en geli\u015fmi\u015f hali Opel Corsa&#8217;n\u0131n motor kaputunun alt\u0131nda EcoFlex ismiyle g\u00f6rev yap\u0131yor. 1248 cc&#8217;lik hacminden 4000 d\/d&#8217;de 95 hp g\u00fc\u00e7 \u00e7\u0131karabilen \u00fcnitenin 1750-3250 d\/d aral\u0131\u011f\u0131ndaki 190 Nm&#8217;lik torku da etkileyici. Bu motor Fiat grubu ara\u00e7larda dayan\u0131kl\u0131l\u0131\u011f\u0131 ile kendine hakl\u0131 bir \u00fcn yapt\u0131. Sorunsuzlu\u011fu ile kullan\u0131c\u0131s\u0131n\u0131n y\u00fcz\u00fcn\u00fc g\u00fcld\u00fcren bu motorlar\u0131n en b\u00fcy\u00fck s\u0131k\u0131nt\u0131s\u0131 ise d\u00fc\u015f\u00fck devirlerdeki cans\u0131zl\u0131\u011f\u0131. Bu sorun eski Multijet ve CDTI motorlarda oldu\u011fu gibi yeni nesillerinde de devam ediyor. Bu sebeple DTE \u00fcniteyi bir miktar devirli kullanman\u0131z gerekiyor. Opel Corsa EcoFlex&#8217;in fabrika verilerindeki 3.1 lt\/100 km&#8217;lik \u015fehir d\u0131\u015f\u0131 yak\u0131t t\u00fcketimi \u00fclkemizde sat\u0131lan ara\u00e7lar i\u00e7erisindeki en ba\u015far\u0131l\u0131 t\u00fcketim de\u011feri. Biz testimiz s\u00fcresince yapt\u0131\u011f\u0131m\u0131z otoyol kullan\u0131mlar\u0131nda 4.0 lt\/100 km de\u011ferini g\u00f6rd\u00fck ancak ortalama t\u00fcketimimiz 5.3 lt\/100 km olarak ger\u00e7ekle\u015fti. Bu motor \u015fehir d\u0131\u015f\u0131 verilerinde olduk\u00e7a ba\u015far\u0131l\u0131 ancak \u015fehir i\u00e7i kullan\u0131mlar\u0131nda t\u00fcketimi 5.8 lt\/100 km gibi ger\u00e7ekle\u015fiyor. 1154 kg a\u011f\u0131rl\u0131\u011f\u0131ndaki test arac\u0131m\u0131z 12,3 saniye s\u00fcren 100 km\/s h\u0131za ula\u015fma s\u00fcresi ve 177 km\/s&#8217;lik maksimum h\u0131z\u0131yla kendinden bekleneni verebiliyor.<\/p>\n<\/div>\n<h2 class=\"vertical-half-offset-plus big-title bold vertically-centered-biggest color-red4 cf\"><span class=\"fl dib\">G\u00fcvenlik<\/span><\/h2>\n<div class=\"mt16 article-table-and-viceversa\">\n<p>Opel Corsa 2006 y\u0131l\u0131nda makyajs\u0131z versiyonu ile girdi\u011fi EuroNcap \u00e7arp\u0131\u015fma testinden 5 y\u0131ld\u0131zla ayr\u0131ld\u0131. Ara\u00e7ta s\u00fcr\u00fcc\u00fc ve yolcu hava yast\u0131\u011f\u0131 standart olarak sunuluyor.<\/p>\n<\/div>\n<h2 class=\"vertical-half-offset-plus big-title bold vertically-centered-biggest color-red4 cf\"><span class=\"fl dib\">Konfor &amp; Yol Tutu\u015f<\/span><\/h2>\n<div class=\"mt16 article-table-and-viceversa\">\n<p>Opel Corsa&#8217;n\u0131n \u015fasisi segmentinin en iyi yol tutan ara\u00e7lar\u0131ndan birini yaratmak i\u00e7in tasarlanm\u0131\u015f. Opel Corsa&#8217;n\u0131n yol tutu\u015fu ve direksiyonu i\u00e7in s\u0131n\u0131f\u0131n\u0131n en iyisi demek \u00e7ok do\u011fru de\u011fil ancak kullan\u0131c\u0131lar\u0131n\u0131n b\u00fcy\u00fck k\u0131sm\u0131n\u0131n beklentilerini kar\u015f\u0131layacakt\u0131r. E\u011flenceli s\u00fcr\u00fc\u015f tarz\u0131n\u0131 be\u011fendi\u011fimiz Corsa zorlanmaya ba\u015fland\u0131\u011f\u0131nda \u00f6nden kayma e\u011filimi g\u00f6steriyor. ESP sistemi Corsa&#8217;n\u0131n standart donan\u0131m\u0131nda bulunmad\u0131\u011f\u0131 i\u00e7in bu noktadan sonra arac\u0131 izine sokmak sizin elinizde. Opel Corsa&#8217;n\u0131n fren sisteminin performans\u0131n\u0131 be\u011fendi\u011fimizi de belirtelim.Arac\u0131n orta sertlikteki s\u00fcspansiyonlar\u0131 konfor noktas\u0131nda iyi puanlar topluyor. Yoldan gelen darbeleri iyi \u015fekilde emen Corsa s\u00fcspansiyonlar\u0131 \u00f6vg\u00fcy\u00fc hak ediyor. Ayr\u0131ca sert yap\u0131l\u0131 koltuklar\u0131n misafirlerine sundu\u011fu konfor da tatmin edici Opel Corsa&#8217;n\u0131n i\u00e7 mekan\u0131na dizel motorun sesi bir miktar giriyor. H\u0131z artt\u0131k\u00e7a bu sese t\u0131pk\u0131 bu s\u0131n\u0131f\u0131n di\u011fer \u00f6nemli oyuncular\u0131nda oldu\u011fu gibi r\u00fczgar sesi e\u015flik etmeye ba\u015fl\u0131yor.<\/p>\n<\/div>\n<h2 class=\"vertical-half-offset-plus big-title bold vertically-centered-biggest color-red4 cf\"><span class=\"fl dib\">Teknik \u00d6zellik<\/span><\/h2>\n<div class=\"mt16 article-table-and-viceversa\">\n<div class=\"table-container\">\n<table border=\"1\" width=\"383\" cellspacing=\"2\" cellpadding=\"1\">\n<colgroup>\n<col width=\"122\" \/>\n<col width=\"143\" \/>\n<col width=\"118\" \/><\/colgroup>\n<tbody>\n<tr>\n<td colspan=\"3\" bgcolor=\"#000000\" width=\"383\" height=\"17\"><\/td>\n<\/tr>\n<tr>\n<td height=\"17\">Motor:<\/td>\n<td>1,3 DTE ecoFLEX<\/td>\n<td><\/td>\n<\/tr>\n<tr>\n<td height=\"17\">Motor Hacmi:<\/td>\n<td>1248 cc<\/td>\n<td><\/td>\n<\/tr>\n<tr>\n<td height=\"17\">Silindir Adedi:<\/td>\n<td align=\"right\">4<\/td>\n<td><\/td>\n<\/tr>\n<tr>\n<td height=\"17\">Maksimum G\u00fc\u00e7:<\/td>\n<td>95 hp 4000 d\/d<\/td>\n<td><\/td>\n<\/tr>\n<tr>\n<td height=\"17\">Maksimum Tork:<\/td>\n<td>190 Nm 1750-3250 d\/d<\/td>\n<td><\/td>\n<\/tr>\n<tr>\n<td height=\"17\"><strong>Performans<\/strong><\/td>\n<td><\/td>\n<td><\/td>\n<\/tr>\n<tr>\n<td height=\"17\"><\/td>\n<td>0-100 km\/s H\u0131zlanma<\/td>\n<td>12,3 s<\/td>\n<\/tr>\n<tr>\n<td height=\"17\"><\/td>\n<td>Maksimum H\u0131z:<\/td>\n<td>177 km\/s<\/td>\n<\/tr>\n<tr>\n<td height=\"17\"><\/td>\n<td><\/td>\n<td><\/td>\n<\/tr>\n<tr>\n<td height=\"17\"><strong>Frenler<\/strong><\/td>\n<td><\/td>\n<td><\/td>\n<\/tr>\n<tr>\n<td height=\"17\"><\/td>\n<td>\u00d6n:<\/td>\n<td>Disk<\/td>\n<\/tr>\n<tr>\n<td height=\"17\"><\/td>\n<td>Arka:<\/td>\n<td>Disk<\/td>\n<\/tr>\n<tr>\n<td height=\"17\"><\/td>\n<td><\/td>\n<td><\/td>\n<\/tr>\n<tr>\n<td height=\"17\"><strong>Yak\u0131t T\u00fcr\u00fc<\/strong><\/td>\n<td><\/td>\n<td>Dizel<\/td>\n<\/tr>\n<tr>\n<td height=\"17\"><strong>Yak\u0131t T\u00fcketimi<\/strong><\/td>\n<td><\/td>\n<td><\/td>\n<\/tr>\n<tr>\n<td height=\"17\"><\/td>\n<td>\u015eehir \u0130\u00e7i:<\/td>\n<td>4,5 lt<\/td>\n<\/tr>\n<tr>\n<td height=\"17\"><\/td>\n<td>\u015eehir D\u0131\u015f\u0131:<\/td>\n<td>3,1 lt<\/td>\n<\/tr>\n<tr>\n<td height=\"17\"><\/td>\n<td>Karma:<\/td>\n<td>3,6 lt<\/td>\n<\/tr>\n<tr>\n<td height=\"17\"><\/td>\n<td>Test:<\/td>\n<td>5,3 lt<\/td>\n<\/tr>\n<tr>\n<td height=\"17\"><\/td>\n<td><\/td>\n<td><\/td>\n<\/tr>\n<tr>\n<td height=\"17\"><strong>Boyutlar<\/strong><\/td>\n<td><\/td>\n<td><\/td>\n<\/tr>\n<tr>\n<td height=\"17\"><\/td>\n<td>Uzunluk:<\/td>\n<td>3999 mm<\/td>\n<\/tr>\n<tr>\n<td height=\"17\"><\/td>\n<td>Geni\u015flik:<\/td>\n<td>1737 mm<\/td>\n<\/tr>\n<tr>\n<td height=\"17\"><\/td>\n<td>Y\u00fckseklik:<\/td>\n<td>1488 mm<\/td>\n<\/tr>\n<tr>\n<td height=\"17\"><\/td>\n<td>Dingil Mesafesi:<\/td>\n<td>2511 mm<\/td>\n<\/tr>\n<tr>\n<td height=\"17\"><\/td>\n<td>Bagaj Hacmi:<\/td>\n<td>285 lt<\/td>\n<\/tr>\n<tr>\n<td height=\"17\"><\/td>\n<td>Yak\u0131t Depo Kapasitesi:<\/td>\n<td>45 lt<\/td>\n<\/tr>\n<tr>\n<td height=\"17\"><\/td>\n<td>Bo\u015f A\u011f\u0131rl\u0131k:<\/td>\n<td>1154 kg<\/td>\n<\/tr>\n<tr>\n<td height=\"17\"><\/td>\n<td>Lastik Boyutu:<\/td>\n<td>185\/65 R15<\/td>\n<\/tr>\n<\/tbody>\n<\/table>\n<\/div>\n<\/div>\n<\/div>\n","protected":false},"excerpt":{"rendered":"<p>29 y\u0131ld\u0131r yollarda olan Opel Corsa, 2006 y\u0131l\u0131nda d\u00f6rd\u00fcnc\u00fc jenerasyonuna kavu\u015ftu. Ge\u00e7ti\u011fimiz g\u00fcnlerde ufak bir makyaj operasyonu ge\u00e7iren Corsa, daha dinamik bir \u00f6n g\u00f6r\u00fcn\u00fcme kavu\u015ftu. Start&amp;Stop sistemine kavu\u015fan &#8230;<\/p>\n","protected":false},"featured_media":10984,"comment_status":"open","ping_status":"closed","template":"","meta":[],"class_list":{"0":"post-10125","1":"product","2":"type-product","3":"status-publish","4":"has-post-thumbnail","6":"product_cat-economic-cars","7":"product_cat-best-offers","8":"product_cat-popular-cars","9":"product_tag-opel","10":"product_group-luxury-cars","11":"product_group-business-cars","12":"product_group-premium-cars","14":"first","15":"instock","16":"shipping-taxable","17":"purchasable","18":"product-type-simple"},"_links":{"self":[{"href":"https:\/\/adarentacar.com.tr\/index.php?rest_route=\/wp\/v2\/product\/10125"}],"collection":[{"href":"https:\/\/adarentacar.com.tr\/index.php?rest_route=\/wp\/v2\/product"}],"about":[{"href":"https:\/\/adarentacar.com.tr\/index.php?rest_route=\/wp\/v2\/types\/product"}],"replies":[{"embeddable":true,"href":"https:\/\/adarentacar.com.tr\/index.php?rest_route=%2Fwp%2Fv2%2Fcomments&post=10125"}],"wp:featuredmedia":[{"embeddable":true,"href":"https:\/\/adarentacar.com.tr\/index.php?rest_route=\/wp\/v2\/media\/10984"}],"wp:attachment":[{"href":"https:\/\/adarentacar.com.tr\/index.php?rest_route=%2Fwp%2Fv2%2Fmedia&parent=10125"}],"curies":[{"name":"wp","href":"https:\/\/api.w.org\/{rel}","templated":true}]}}