{"id":10114,"date":"2017-10-13T07:57:54","date_gmt":"2017-10-13T07:57:54","guid":{"rendered":"http:\/\/localhost\/~kharissulistiyo\/wpwp\/dev\/4.3\/?post_type=product&#038;p=10114"},"modified":"2018-01-09T11:19:44","modified_gmt":"2018-01-09T11:19:44","slug":"toyota-corolla-1-6-elegant","status":"publish","type":"product","link":"https:\/\/adarentacar.com.tr\/?product=toyota-corolla-1-6-elegant","title":{"rendered":"Toyota Corolla 1.6 Elegant"},"content":{"rendered":"<p><strong>Teknik \u00d6zellikler<\/strong><br \/>\nG\u00f6vde Tipi Sedan De\u011fi\u015ftir<br \/>\nKap\u0131 Say\u0131s\u0131 4 De\u011fi\u015ftir<br \/>\nModel Y\u0131l\u0131 2011 De\u011fi\u015ftir<br \/>\nMotor ve Performans<br \/>\nSilindir Hacmi 1598 cc De\u011fi\u015ftir<br \/>\nSilindir Say\u0131s\u0131 4 De\u011fi\u015ftir<br \/>\nMaksimum G\u00fc\u00e7 124 hp De\u011fi\u015ftir<br \/>\nMaksimum G\u00fc\u00e7 &#8211; Devir 6000 dd (RPM) De\u011fi\u015ftir<br \/>\nMaksimum Tork 157 Nm De\u011fi\u015ftir<br \/>\nMaksimum Tork &#8211; Devir dd (RPM) De\u011fi\u015ftir<br \/>\nAzami H\u0131z 185 km\/s De\u011fi\u015ftir<br \/>\n0-100 Km H\u0131zlanma 11.9 sn De\u011fi\u015ftir<br \/>\nYak\u0131t T\u00fcr\u00fc Benzin De\u011fi\u015ftir<br \/>\n\u00c7eki\u015f \u00d6nden \u00c7eki\u015fli De\u011fi\u015ftir<br \/>\n\u015eanz\u0131man<br \/>\nVites Kutusu Manuel Modlu Otomatik De\u011fi\u015ftir<br \/>\nVites Say\u0131s\u0131 4 De\u011fi\u015ftir<br \/>\nYak\u0131t T\u00fcketimi<br \/>\n\u015eehir \u0130\u00e7i lt\/100 km De\u011fi\u015ftir<br \/>\n\u015eehir D\u0131\u015f\u0131 lt\/100 km De\u011fi\u015ftir<br \/>\nGenel 7.2 lt\/100 km De\u011fi\u015ftir<br \/>\nBoyutlar<br \/>\nUzunluk 4545 mm De\u011fi\u015ftir<br \/>\nGeni\u015flik 1760 mm De\u011fi\u015ftir<br \/>\nY\u00fckseklik 1470 mm De\u011fi\u015ftir<br \/>\nDingil Mesafesi 2600 mm De\u011fi\u015ftir<br \/>\nKapasite<br \/>\nYak\u0131t Tank\u0131 55 lt De\u011fi\u015ftir<br \/>\nBagaj 450 lt (Arka Koltuk Dik Halde) De\u011fi\u015ftir<br \/>\nA\u011f\u0131rl\u0131k<br \/>\nBo\u015f A\u011f\u0131rl\u0131k 1290 kg De\u011fi\u015ftir<br \/>\nServis\/Bak\u0131m 20000 km De\u011fi\u015ftir<br \/>\nServis\/Bak\u0131m Periyodu 12 ay De\u011fi\u015ftir<br \/>\nDonan\u0131m Hata veya eksik mi var? &#8220;De\u011fi\u015ftir&#8221; linkleri ile sayfaya katk\u0131da bulunabilirsiniz.<br \/>\nElektrikli Camlar Standart De\u011fi\u015ftir<br \/>\nKlima Standart De\u011fi\u015ftir<br \/>\nOtomatik Is\u0131 Kontrol\u00fc Standart De\u011fi\u015ftir<br \/>\nXenon Farlar Bilinmiyor De\u011fi\u015ftir<br \/>\n\u00d6n Sis Farlar\u0131 Bilinmiyor De\u011fi\u015ftir<br \/>\nYol Bilgisayar\u0131 Standart De\u011fi\u015ftir<br \/>\nNavigasyon Sistemi Mevcut De\u011fil De\u011fi\u015ftir<br \/>\nCD Player Standart De\u011fi\u015ftir<br \/>\nMP3 Player Standart De\u011fi\u015ftir<br \/>\nCD De\u011fi\u015ftirici Mevcut De\u011fil De\u011fi\u015ftir<br \/>\niPod Giri\u015fi Mevcut De\u011fil De\u011fi\u015ftir<br \/>\nYa\u011fmur Sens\u00f6r\u00fc Standart De\u011fi\u015ftir<br \/>\nPark Sens\u00f6r\u00fc Standart De\u011fi\u015ftir<br \/>\nH\u0131z Sabitleyici Standart De\u011fi\u015ftir<br \/>\nABS Bilinmiyor De\u011fi\u015ftir<br \/>\nASR Bilinmiyor De\u011fi\u015ftir<br \/>\nESP Mevcut De\u011fil De\u011fi\u015ftir<br \/>\nMerkezi Kilit Standart De\u011fi\u015ftir<br \/>\nS\u00fcr\u00fcc\u00fc Hava Yast\u0131\u011f\u0131 Standart De\u011fi\u015ftir<br \/>\nYolcu Hava Yast\u0131\u011f\u0131 Standart De\u011fi\u015ftir<br \/>\nA\u00e7\u0131l\u0131r Tavan Mevcut De\u011fil<\/p>\n","protected":false},"excerpt":{"rendered":"<p>Teknik \u00d6zellikler G\u00f6vde Tipi Sedan De\u011fi\u015ftir Kap\u0131 Say\u0131s\u0131 4 De\u011fi\u015ftir Model Y\u0131l\u0131 2011 De\u011fi\u015ftir Motor ve Performans Silindir Hacmi 1598 cc De\u011fi\u015ftir Silindir Say\u0131s\u0131 4 De\u011fi\u015ftir Maksimum G\u00fc\u00e7 124 hp De\u011fi\u015ftir Maksimum G\u00fc\u00e7 &#8230;<\/p>\n","protected":false},"featured_media":11034,"comment_status":"open","ping_status":"closed","template":"","meta":[],"class_list":{"0":"post-10114","1":"product","2":"type-product","3":"status-publish","4":"has-post-thumbnail","6":"product_cat-best-offers","7":"product_tag-toyota","9":"first","10":"instock","11":"shipping-taxable","12":"purchasable","13":"product-type-simple"},"_links":{"self":[{"href":"https:\/\/adarentacar.com.tr\/index.php?rest_route=\/wp\/v2\/product\/10114"}],"collection":[{"href":"https:\/\/adarentacar.com.tr\/index.php?rest_route=\/wp\/v2\/product"}],"about":[{"href":"https:\/\/adarentacar.com.tr\/index.php?rest_route=\/wp\/v2\/types\/product"}],"replies":[{"embeddable":true,"href":"https:\/\/adarentacar.com.tr\/index.php?rest_route=%2Fwp%2Fv2%2Fcomments&post=10114"}],"wp:featuredmedia":[{"embeddable":true,"href":"https:\/\/adarentacar.com.tr\/index.php?rest_route=\/wp\/v2\/media\/11034"}],"wp:attachment":[{"href":"https:\/\/adarentacar.com.tr\/index.php?rest_route=%2Fwp%2Fv2%2Fmedia&parent=10114"}],"curies":[{"name":"wp","href":"https:\/\/api.w.org\/{rel}","templated":true}]}}