{"id":10897,"date":"2017-06-16T07:04:31","date_gmt":"2017-06-16T07:04:31","guid":{"rendered":"https:\/\/adarentacar.com.tr\/?page_id=10897"},"modified":"2017-12-30T12:47:36","modified_gmt":"2017-12-30T12:47:36","slug":"kiralama-kosullari","status":"publish","type":"page","link":"https:\/\/adarentacar.com.tr\/?page_id=10897","title":{"rendered":"Kiralama Ko\u015fullar\u0131"},"content":{"rendered":"<p><strong>KIRALAMA KO\u015eULLARI<\/strong><\/p>\n<p><strong>Kiralama S\u00fcresi<\/strong><br \/>\nEn k\u0131sa kiralama s\u00fcresi 24 saattir.<br \/>\nToplam 2\u00a0saati a\u015fan gecikmelerde CDW (Kasko) dahil t\u00fcm g\u00fcn \u00fccreti al\u0131n\u0131r.<\/p>\n<p><strong>Uzun S\u00fcreli Kiralamalar<\/strong><br \/>\nUzun s\u00fcreli kiralamalar i\u00e7in en az kiralama s\u00fcresi 30 g\u00fcnd\u00fcr. \u00d6zel fiyat uygulan\u0131r. Kiralama fiyat\u0131 ve ko\u015fullar\u0131na ili\u015fkin bilgi i\u00e7in +90 530 553 55 53\u00a0no lu telefondan Ada Rent A Car rezervasyon merkezini veya size en yak\u0131n Ada Rent A Car\u00a0ofisini arayabilirsiniz.<\/p>\n<p><strong>Tek Y\u00f6n Kiralama<\/strong><br \/>\nArac\u0131 teslim al\u0131nd\u0131\u011f\u0131 \u015fehirden ba\u015fka bir \u015fehirde iadesi durumunda kira s\u00fcresine bak\u0131lmaks\u0131z\u0131n Tek Y\u00f6n \u00dccreti uygulan\u0131r. Tek y\u00f6n \u00fccret bilgileri i\u00e7in Rezervasyon merkezimizi veya size en yak\u0131n ofisimizi arayabilirsiniz. (Online rezervasyon b\u00f6l\u00fcm\u00fcm\u00fczde otomatik olarak hesaplan\u0131r.)<\/p>\n<p><strong>Ara\u00e7 Teslim Alma \u2013 Ara\u00e7 B\u0131rakma<\/strong><br \/>\n24 saat kesintisiz hizmet veren Uluslararas\u0131 Hava Limanlar\u0131 Ofislerimizde g\u00fcn\u00fcn her saatinde;<br \/>\nDi\u011fer ofislerimizde ise mesai saatleri i\u00e7erisinde ara\u00e7 teslimi ve m\u00fc\u015fteriden ara\u00e7 al\u0131nmas\u0131 \u00fccretsizdir. Uluslararas\u0131 Hava Limanlar\u0131 haricinde mesai saatleri d\u0131\u015f\u0131nda ger\u00e7ekle\u015fecek ara\u00e7 teslimatlar\u0131 ve ara\u00e7 b\u0131rakmalar\u0131 ek \u00fccrete tabidir.<\/p>\n<p><strong>S\u00fcr\u00fcc\u00fc Belgesi Kullan\u0131m Ya\u015f\u0131<\/strong><br \/>\nB\u00fct\u00fcn Grup ara\u00e7lar i\u00e7in en az 20 ya\u015f\u0131n\u0131, doldurmu\u015f olmak ve 2 y\u0131ll\u0131k yerli veya uluslararas\u0131 ge\u00e7erli ehliyete sahip olmak gerekmektedir.<\/p>\n<p><strong>\u0130lave S\u00fcr\u00fcc\u00fc<\/strong><\/p>\n<p>Kirac\u0131 d\u0131\u015f\u0131nda arac\u0131n ba\u015fkas\u0131 taraf\u0131ndan kullan\u0131labilmesi ancak s\u00fcr\u00fcc\u00fc belgesi ve kullan\u0131m ya\u015f\u0131 kurallar\u0131na uygun s\u00fcr\u00fcc\u00fclerin ge\u00e7erli kimlik ve ehliyetlerinin s\u00f6zle\u015fmeye kayd\u0131 ile m\u00fcmk\u00fcnd\u00fcr.Ba\u015fka kay\u0131t yoksa ve kazan\u0131n kayd\u0131 olmayan<br \/>\ns\u00fcr\u00fcc\u00fc taraf\u0131ndan yap\u0131ld\u0131\u011f\u0131 tespit edilirse sigortalar ge\u00e7ersiz olur.<\/p>\n<p><strong>Fiyatlara Dahil Olan Olmayan Hususlar<\/strong><br \/>\nFiyatlara ara\u00e7lar\u0131n s\u0131n\u0131rs\u0131z kilometre kullan\u0131m hakk\u0131, ara\u00e7 bak\u0131m giderleri ve kasko dahildir.<br \/>\nYak\u0131t, k\u00f6pr\u00fc, otoyol \u00fccretleri, trafik cezalar\u0131 ile ekstra sigortalar (H\u0131rs\u0131zl\u0131k Sigortas\u0131, Lastik, Cam, Far), tek y\u00f6n \u00fccreti ara\u00e7 teslim etme ve teslim alma \u00fccretleri, bebek koltu\u011fu, navigasyon cihaz\u0131 gibi ekstra talepler\u00a0dahil de\u011fildir.<\/p>\n<p><strong>\u00d6deme- Depozit<\/strong><br \/>\nKira \u00fccretlerinin \u00f6denmesinde Eurocard, V\u0131sa, Mastercard kredi kartlar\u0131 kabul edilir. Mail order formu veya nakit depozit al\u0131n\u0131r.<\/p>\n<p><strong>Trafik Cezalar\u0131<\/strong><br \/>\nT\u00fcrkiye\u2019deki trafik yasalar\u0131 otoyollarda en \u00e7ok 120km \u015fehirleraras\u0131 yollarda 90km ve \u015fehir i\u00e7lerinde ise 50km h\u0131za izin vermektedir.Park ederken PARK YASA\u011eI i\u015faretlerine uyunuz.<br \/>\nTrafik yasalar\u0131na uyulmamas\u0131ndan ve kirac\u0131n\u0131n kusurundan do\u011fabilecek hareketlere uygulanacak trafik cezalar\u0131 ve yasal sorumluluklar kirac\u0131ya aittir. Ara\u00e7 b\u0131rak\u0131ld\u0131ktan sonra Ada Rent A Car&#8217; a\u00a0ula\u015fan trafik cezalar\u0131 kirac\u0131ya yans\u0131t\u0131l\u0131r ve ilgili tutar nakit olarak veya kredi kart\u0131 ( mail order ) ile kirac\u0131dan tahsil edilir.<br \/>\nAra\u00e7lar\u0131n s\u00fcr\u00fcc\u00fc kusurlar\u0131 nedeniyle, resmi veya yerel makamlar taraf\u0131ndan tutulmas\u0131 nedeni ile ge\u00e7ecek zaman, s\u00f6zle\u015fme s\u00fcresi i\u00e7inde kabul edilir.<\/p>\n<p><strong>Di\u011fer Hizmetler<\/strong><\/p>\n<p>\u00d6nemli Not :<br \/>\nKullan\u0131mdan do\u011fabilecek hasarlar, k\u0131zakl\u0131 teypler, ara\u00e7 \u00fczerinde bulunan ruhsat ,trafik seti, plaka vb gibi i\u00e7, d\u0131\u015f donan\u0131mlar\u0131n\u0131n zarar g\u00f6rmesi sigorta kapsam\u0131na girmez. Kaza raporlar\u0131n\u0131n 48 saat i\u00e7inde Ada Rent A Car\u2019a ula\u015ft\u0131r\u0131lmas\u0131 gerekmektedir.<br \/>\nKiralayana ait ara\u00e7lar, T\u00fcrkiye\u2019de ge\u00e7erli yasalar ve sigorta mevzuat\u0131 zorunlu ve iste\u011fe ba\u011fl\u0131 sigortalarla teminat alt\u0131na al\u0131nm\u0131\u015ft\u0131r. Kirac\u0131 i\u00e7in ilave bir prim \u00f6demesi gerektirmeyen zorunlu Mali Mesuliyet Sigortas\u0131 ile kazaya kar\u0131\u015fan Ada Rent A Car arac\u0131n\u0131 kullanan s\u00fcr\u00fcc\u00fc haricindeki 3. \u015fah\u0131slar\u0131n tedavi giderleri ile maddi hasarlar\u0131 \u00f6l\u00fcm ve sakatl\u0131k giderleri kanun ile \u00e7izilmi\u015f limitler dahilinde kar\u015f\u0131lan\u0131r.<\/p>\n<p>Ada Rent A Car zorunlu sigortalar d\u0131\u015f\u0131nda a\u015fa\u011f\u0131da belirtilen sigortalar\u0131 iste\u011fe ba\u011fl\u0131 olarak m\u00fc\u015fterilerinin hizmetine sunmaktad\u0131r. Kirac\u0131 g\u00fcnl\u00fck ekstra \u00fccretlerini \u00f6demek ve s\u00f6zle\u015fmenin \u00f6n y\u00fcz\u00fcndeki kabul kutucu\u011funu imzalamak suretiyle bu b\u00f6l\u00fcmde a\u00e7\u0131klanan teminatlardan yararlanabilir.<\/p>\n<p><strong>Hasar Sorumluluk Sigortas\u0131 (CDW)<\/strong><br \/>\nAda Rent A Car \u2019dan kiralanan ara\u00e7lar\u0131n kullan\u0131m\u0131 s\u0131ras\u0131nda ortaya \u00e7\u0131kabilecek hasarlar ve t\u00fcm sorumluluklar kirac\u0131ya aittir.Hasar sorumluluk sigortas\u0131, kirac\u0131n\u0131n kullan\u0131m\u0131 sonucu do\u011fabilecek maddi zararlar\u0131 teminat alt\u0131na al\u0131r.<\/p>\n<p><strong>H\u0131rs\u0131zl\u0131k Sigortas\u0131 (TP)<\/strong><br \/>\nKirac\u0131 bu sigorta ile kiralad\u0131\u011f\u0131 arac\u0131 \u00e7al\u0131nmaya kar\u015f\u0131 teminat alt\u0131na alabilir.<\/p>\n<p><strong>Lastik-Cam-Far Sigortas\u0131 ( TWH )<\/strong><br \/>\nKirac\u0131 dilerse bu sigorta ile, Kasko Sigorta kapsam\u0131na girmeyen, lastik yar\u0131lmas\u0131 , cam, far k\u0131r\u0131lmalar\u0131ndan do\u011fabilecek hasarlar\u0131 teminat alt\u0131na alabilir.<\/p>\n<p><strong>T\u00fcm Sigortalar\u0131n Ge\u00e7erli Olabilmesi \u0130\u00e7in,<\/strong><br \/>\n*T\u00fcm trafik kanun ve kurallar\u0131na uyulmas\u0131 ,<br \/>\n*K\u00f6t\u00fc kullan\u0131m ve tam kusurlu olunmamas\u0131,<br \/>\n*Arac\u0131n alkol ve uyu\u015fturucu etkisi alt\u0131nda kullan\u0131lmamas\u0131,<br \/>\n*Arac\u0131n yasal h\u0131z s\u0131n\u0131rlar\u0131n\u0131n d\u0131\u015f\u0131nda kullan\u0131lmamams\u0131,<br \/>\n*Alkol ve trafik raporlar\u0131n\u0131n ara\u00e7 yerinden oynat\u0131lmadan al\u0131nm\u0131\u015f, en ge\u00e7 48 saat i\u00e7inde Ada Rent A Car a ula\u015ft\u0131r\u0131lm\u0131\u015f olmas\u0131,<br \/>\n*S\u00fcr\u00fcc\u00fcn\u00fcn kira s\u00f6zle\u015fmesine kay\u0131tl\u0131 olmas\u0131,<br \/>\n*Arac\u0131n ehliyetsiz s\u00fcr\u00fcc\u00fclere kulland\u0131r\u0131lmamas\u0131 gerekmektedir. Aksi taktirde sigortalar ge\u00e7ersiz say\u0131lacak ve kirac\u0131 t\u00fcm hasarlardan sorumlu tutulacakt\u0131r.Ayr\u0131ca, Ada Rent A Car yetkililerine yetkili trafik ekiplerine ve yerel kolluk<br \/>\nkuvvetlerine yan\u0131lt\u0131c\u0131 beyanlarda bulunmak ve ara\u00e7lar\u0131n trafi\u011fe kapal\u0131 ve yasak b\u00f6lgelerde kullan\u0131lmas\u0131 ile a\u015f\u0131r\u0131 y\u00fck ve yolcu ta\u015f\u0131nmas\u0131 sigortalar\u0131n kendili\u011finden iptaline neden olacakt\u0131r.<br \/>\nKaza an\u0131nda en k\u0131sa s\u00fcrede +90 530 553 55 53\u00a0Ada Rent A Car\u00a0acil servis telefonlar\u0131n\u0131n aranmas\u0131 ve bildirimde bulunulmas\u0131 zorunludur.<br \/>\n* Ada Rent A Car fiyat ko\u015fullar\u0131 ile tarifede belirtilen ara\u00e7 tiplerini \u00f6nceden haber vermeksizin de\u011fi\u015ftirme haklar\u0131n\u0131 sakl\u0131 tutar.<\/p>\n<p>&nbsp;<\/p>\n","protected":false},"excerpt":{"rendered":"<p>KIRALAMA KO\u015eULLARI Kiralama S\u00fcresi En k\u0131sa kiralama s\u00fcresi 24 saattir. Toplam 2\u00a0saati a\u015fan gecikmelerde CDW (Kasko) dahil t\u00fcm g\u00fcn \u00fccreti al\u0131n\u0131r. Uzun S\u00fcreli Kiralamalar Uzun s\u00fcreli kiralamalar i\u00e7in en az kiralama s\u00fcresi &#8230;<\/p>\n","protected":false},"author":1,"featured_media":0,"parent":0,"menu_order":0,"comment_status":"closed","ping_status":"closed","template":"","meta":{"footnotes":""},"class_list":["post-10897","page","type-page","status-publish","hentry"],"_links":{"self":[{"href":"https:\/\/adarentacar.com.tr\/index.php?rest_route=\/wp\/v2\/pages\/10897"}],"collection":[{"href":"https:\/\/adarentacar.com.tr\/index.php?rest_route=\/wp\/v2\/pages"}],"about":[{"href":"https:\/\/adarentacar.com.tr\/index.php?rest_route=\/wp\/v2\/types\/page"}],"author":[{"embeddable":true,"href":"https:\/\/adarentacar.com.tr\/index.php?rest_route=\/wp\/v2\/users\/1"}],"replies":[{"embeddable":true,"href":"https:\/\/adarentacar.com.tr\/index.php?rest_route=%2Fwp%2Fv2%2Fcomments&post=10897"}],"version-history":[{"count":5,"href":"https:\/\/adarentacar.com.tr\/index.php?rest_route=\/wp\/v2\/pages\/10897\/revisions"}],"predecessor-version":[{"id":11026,"href":"https:\/\/adarentacar.com.tr\/index.php?rest_route=\/wp\/v2\/pages\/10897\/revisions\/11026"}],"wp:attachment":[{"href":"https:\/\/adarentacar.com.tr\/index.php?rest_route=%2Fwp%2Fv2%2Fmedia&parent=10897"}],"curies":[{"name":"wp","href":"https:\/\/api.w.org\/{rel}","templated":true}]}}