{"id":10210,"date":"2015-10-16T04:21:43","date_gmt":"2015-10-16T04:21:43","guid":{"rendered":"http:\/\/event-theme.com\/themes\/rentit\/?page_id=10210"},"modified":"2017-12-30T12:56:15","modified_gmt":"2017-12-30T12:56:15","slug":"contact-us","status":"publish","type":"page","link":"https:\/\/adarentacar.com.tr\/?page_id=10210","title":{"rendered":"\u0130leti\u015fim"},"content":{"rendered":"<p>[vc_row][vc_column][rentit_conatainer]\r\n    <div class=\"row\">\r\n    <div class=\"col-md-4\">\r\n        <div class=\"contact-info\">\r\n\r\n            <h2 class=\"block-title\"><span>\u0130leti\u015fim Bilgileri<\/span><\/h2>\r\n\r\n            <div class=\"media-list\">\r\n                    <div class=\"media\">\r\n                    <i class=\"pull-left fa fa-home\"><\/i>\r\n                <div class=\"media-body\">\r\n            <strong>Adres:<br \/>\n<\/strong>Fabrikalar Mahallesi , Hasan Tahsin Cd. 5\/5, 07090 Kepez\/Antalya        <\/div>\r\n    <\/div>\r\n\r\n    <!-- \/PAGE -->\r\n        <div class=\"media\">\r\n                    <i class=\"pull-left fa fa-phone\"><\/i>\r\n                <div class=\"media-body\">\r\n            <strong>Telefon:<\/strong><br \/>\n<a class=\"fl r-i2BU1fNIV_hs\" title=\"Hangout \u00fczerinden ara\" data-number=\"+902423220085\" data-pstn-out-call-url=\"\" data-rtid=\"i2BU1fNIV_hs\" data-ved=\"0ahUKEwikpZ6Ws8TUAhVBPRQKHfyIDNsQkAgIywEoADAQ\">0(242) 332 50 50<br \/>\n0(530) 553 55 53<\/a>        <\/div>\r\n    <\/div>\r\n\r\n    <!-- \/PAGE -->\r\n        <div class=\"media\">\r\n                    <i class=\"pull-left fa fa-mobile\"><\/i>\r\n                <div class=\"media-body\">\r\n            <strong>GSM:<\/strong><br \/>\n+90 (532) 318 44 02        <\/div>\r\n    <\/div>\r\n\r\n    <!-- \/PAGE -->\r\n        <div class=\"media\">\r\n                <div class=\"media-body\">\r\n            Bizlere mail g\u00f6nderin sizlere m\u00fc\u015fteri temsilcimiz en k\u0131sa zamanda size d\u00f6n\u00fc\u015f yapacakt\u0131r.        <\/div>\r\n    <\/div>\r\n\r\n    <!-- \/PAGE -->\r\n        <div class=\"media\">\r\n                <div class=\"media-body\">\r\n            <strong>Mail Adresimiz:<\/strong><br \/>\ninfo@adarentacar.com.tr        <\/div>\r\n    <\/div>\r\n\r\n    <!-- \/PAGE -->\r\n    \r\n            <\/div>\r\n\r\n        <\/div>\r\n    <\/div>\r\n\r\n    <div class=\"col-md-8 text-left\">\r\n\r\n        <h2 class=\"block-title\"><span>\u0130leti\u015fim Formu<\/span><\/h2>\r\n\r\n        <!-- Contact form -->\r\n        <form name=\"contact-form\" method=\"post\" action=\"#\" class=\"contact-form\" id=\"contact-form\">\r\n\r\n            <div class=\"outer required\">\r\n                <div class=\"form-group af-inner\">\r\n                    <label class=\"sr-only\" for=\"name\">Ad<\/label>\r\n                    <input\r\n                        type=\"text\" name=\"name\" id=\"name\" placeholder=\"Ad\" value=\"\" size=\"30\"\r\n                        data-toggle=\"tooltip\" title=\"Ad gerekli\"\r\n                        class=\"form-control placeholder\"\/>\r\n                <\/div>\r\n            <\/div>\r\n\r\n            <div class=\"outer required\">\r\n                <div class=\"form-group af-inner\">\r\n                    <label class=\"sr-only\" for=\"email\">Email<\/label>\r\n                    <input\r\n                        type=\"text\" name=\"email\" id=\"email\" placeholder=\"Email\" value=\"\" size=\"30\"\r\n                        data-toggle=\"tooltip\" title=\"Email Zorunlu\"\r\n                        class=\"form-control placeholder\"\/>\r\n                <\/div>\r\n            <\/div>\r\n\r\n            <div class=\"outer required\">\r\n                <div class=\"form-group af-inner\">\r\n                    <label class=\"sr-only\" for=\"subject\">Konu<\/label>\r\n                    <input\r\n                        type=\"text\" name=\"subject\" id=\"subject\" placeholder=\"Konu\" value=\"\" size=\"30\"\r\n                        data-toggle=\"tooltip\" title=\"Konu Zorunludur\"\r\n                        class=\"form-control placeholder\"\/>\r\n                <\/div>\r\n            <\/div>\r\n\r\n            <div class=\"form-group af-inner\">\r\n                <label class=\"sr-only\" for=\"input-message\">Mesaj<\/label>\r\n                                <textarea\r\n                                    name=\"message\" id=\"input-message\" placeholder=\"Mesaj\" rows=\"4\" cols=\"50\"\r\n                                    data-toggle=\"tooltip\" title=\"Mesaj Zorunlu\"\r\n                                    class=\"form-control placeholder\"><\/textarea>\r\n            <\/div>\r\n\r\n            <div class=\"outer required\">\r\n                <div class=\"form-group af-inner\">\r\n                    <input type=\"submit\" name=\"submit\"\r\n                           class=\"form-button form-button-submit btn btn-theme btn-theme-dark\" id=\"submit_btn\"\r\n                           value=\"Send message\"\/>\r\n                <\/div>\r\n            <\/div>\r\n\r\n        <\/form>\r\n        <!-- \/Contact form -->\r\n\r\n    <\/div>\r\n    <!-- \/PAGE -->\r\n    <\/div>\r\n    [vc_gmaps link=&#8221;#E-8_JTNDaWZyYW1lJTIwc3JjJTNEJTIyaHR0cHMlM0ElMkYlMkZ3d3cuZ29vZ2xlLmNvbSUyRm1hcHMlMkZlbWJlZCUzRnBiJTNEJTIxMW0xOCUyMTFtMTIlMjExbTMlMjExZDMxOTAuMjU0NzY4NDczODE1JTIxMmQzMC42Nzc1OTAyMTUyOTI5MTYlMjEzZDM2LjkwODE3MjU3OTkyNjUzJTIxMm0zJTIxMWYwJTIxMmYwJTIxM2YwJTIxM20yJTIxMWkxMDI0JTIxMmk3NjglMjE0ZjEzLjElMjEzbTMlMjExbTIlMjExczB4MTRjMzhmZGFkNGNhMGYwZCUyNTNBMHg1N2JiMGUxOWFjYTc1MjhkJTIxMnNGYWJyaWthbGFyJTJCTWFoYWxsZXNpJTI1MkMlMkJIYXNhbiUyQlRhaHNpbiUyQkNkLiUyQk5vJTI1M0E1JTI1MkMlMkIwNzA5MCUyQktlcGV6JTI1MkZBbnRhbHlhJTIxNWUwJTIxM20yJTIxMXN0ciUyMTJzdHIlMjE0djE1MTQ2NDIxNzMxNzIlMjIlMjB3aWR0aCUzRCUyMjYwMCUyMiUyMGhlaWdodCUzRCUyMjQ1MCUyMiUyMGZyYW1lYm9yZGVyJTNEJTIyMCUyMiUyMHN0eWxlJTNEJTIyYm9yZGVyJTNBMCUyMiUyMGFsbG93ZnVsbHNjcmVlbiUzRSUzQyUyRmlmcmFtZSUzRQ==&#8221;][\/rentit_conatainer][\/vc_column][\/vc_row]<\/p>\n","protected":false},"excerpt":{"rendered":"[vc_row][vc_column][rentit_conatainer] \u0130leti\u015fim Bilgileri Adres: Fabrikalar Mahallesi , Hasan Tahsin Cd. 5\/5, 07090 Kepez\/Antalya Telefon: 0(242) 332 50 50 0(530) 553 55 53 GSM: +90 (532) 318 44 02 Bizlere mail g\u00f6nderin sizlere m\u00fc\u015fteri temsilcimiz en k\u0131sa zamanda size d\u00f6n\u00fc\u015f yapacakt\u0131r. Mail Adresimiz: info@adarentacar.com.tr \u0130leti\u015fim Formu Ad Email Konu Mesaj [vc_gmaps link=\"#E-8_JTNDaWZyYW1lJTIwc3JjJTNEJTIyaHR0cHMlM0ElMkYlMkZ3d3cuZ29vZ2xlLmNvbSUyRm1hcHMlMkZlbWJlZCUzRnBiJTNEJTIxMW0xOCUyMTFtMTIlMjExbTMlMjExZDMxOTAuMjU0NzY4NDczODE1JTIxMmQzMC42Nzc1OTAyMTUyOTI5MTYlMjEzZDM2LjkwODE3MjU3OTkyNjUzJTIxMm0zJTIxMWYwJTIxMmYwJTIxM2YwJTIxM20yJTIxMWkxMDI0JTIxMmk3NjglMjE0ZjEzLjElMjEzbTMlMjExbTIlMjExczB4MTRjMzhmZGFkNGNhMGYwZCUyNTNBMHg1N2JiMGUxOWFjYTc1MjhkJTIxMnNGYWJyaWthbGFyJTJCTWFoYWxsZXNpJTI1MkMlMkJIYXNhbiUyQlRhaHNpbiUyQkNkLiUyQk5vJTI1M0E1JTI1MkMlMkIwNzA5MCUyQktlcGV6JTI1MkZBbnRhbHlhJTIxNWUwJTIxM20yJTIxMXN0ciUyMTJzdHIlMjE0djE1MTQ2NDIxNzMxNzIlMjIlMjB3aWR0aCUzRCUyMjYwMCUyMiUyMGhlaWdodCUzRCUyMjQ1MCUyMiUyMGZyYW1lYm9yZGVyJTNEJTIyMCUyMiUyMHN0eWxlJTNEJTIyYm9yZGVyJTNBMCUyMiUyMGFsbG93ZnVsbHNjcmVlbiUzRSUzQyUyRmlmcmFtZSUzRQ==\"][\/rentit_conatainer][\/vc_column][\/vc_row]","protected":false},"author":1,"featured_media":0,"parent":0,"menu_order":0,"comment_status":"closed","ping_status":"closed","template":"template-fullwidth-breadcrumb.php","meta":{"footnotes":""},"class_list":["post-10210","page","type-page","status-publish","hentry"],"_links":{"self":[{"href":"https:\/\/adarentacar.com.tr\/index.php?rest_route=\/wp\/v2\/pages\/10210"}],"collection":[{"href":"https:\/\/adarentacar.com.tr\/index.php?rest_route=\/wp\/v2\/pages"}],"about":[{"href":"https:\/\/adarentacar.com.tr\/index.php?rest_route=\/wp\/v2\/types\/page"}],"author":[{"embeddable":true,"href":"https:\/\/adarentacar.com.tr\/index.php?rest_route=\/wp\/v2\/users\/1"}],"replies":[{"embeddable":true,"href":"https:\/\/adarentacar.com.tr\/index.php?rest_route=%2Fwp%2Fv2%2Fcomments&post=10210"}],"version-history":[{"count":13,"href":"https:\/\/adarentacar.com.tr\/index.php?rest_route=\/wp\/v2\/pages\/10210\/revisions"}],"predecessor-version":[{"id":11027,"href":"https:\/\/adarentacar.com.tr\/index.php?rest_route=\/wp\/v2\/pages\/10210\/revisions\/11027"}],"wp:attachment":[{"href":"https:\/\/adarentacar.com.tr\/index.php?rest_route=%2Fwp%2Fv2%2Fmedia&parent=10210"}],"curies":[{"name":"wp","href":"https:\/\/api.w.org\/{rel}","templated":true}]}}